{"id":166,"date":"2016-11-06T15:58:31","date_gmt":"2016-11-06T15:58:31","guid":{"rendered":"http:\/\/tc-staffelstein.de\/?page_id=166"},"modified":"2024-04-17T18:12:28","modified_gmt":"2024-04-17T18:12:28","slug":"anfahrt","status":"publish","type":"page","link":"http:\/\/tc-staffelstein.de\/?page_id=166","title":{"rendered":"Anfahrt"},"content":{"rendered":"<p>Adresse:<\/p>\n<p>Tennisclub Staffelstein e. V.<br \/>\nOberauer Str. 18<br \/>\n96231 Bad Staffelstein<br \/>\nTel. Vereinsheim: 09573-3815<\/p>\n<p>Auf der A73 Richtung Bamberg\/Suhl, Ausfahrt Bad Staffelstein (Anschlussstelle 15). Im Kreisverkehr Richtung Kurzentrum auf den \"\u00c4u\u00dferen Frankenring\" fahren, hier ca. 2,8 km entlang bis zur Oberauer Stra\u00dfe. Hier links einbiegen Richtung Fu\u00dfballplatz und rechts die Einfahrt (gr\u00fcnes Tor) zum TC Staffelstein einbiegen.<\/p>\n<p>&nbsp;<\/p>\n","protected":false},"excerpt":{"rendered":"<p>Adresse: Tennisclub Staffelstein e. V. Oberauer Str. 18 96231 Bad Staffelstein Tel. Vereinsheim: 09573-3815 Auf der A73 Richtung Bamberg\/Suhl, Ausfahrt Bad Staffelstein (Anschlussstelle 15). Im Kreisverkehr Richtung Kurzentrum auf den \"\u00c4u\u00dferen Frankenring\" fahren, hier ca. 2,8 km entlang bis zur Oberauer Stra\u00dfe. Hier links einbiegen Richtung Fu\u00dfballplatz und rechts die Einfahrt (gr\u00fcnes Tor) zum TC <a href=\"http:\/\/tc-staffelstein.de\/?page_id=166\" class=\"more-link\">...weiterlesen<span class=\"screen-reader-text\"> \"Anfahrt\"<\/span><\/a><\/p>\n","protected":false},"author":1,"featured_media":0,"parent":0,"menu_order":0,"comment_status":"closed","ping_status":"closed","template":"","meta":{"footnotes":""},"class_list":["post-166","page","type-page","status-publish","h-entry","hentry","h-as-page"],"_links":{"self":[{"href":"http:\/\/tc-staffelstein.de\/index.php?rest_route=\/wp\/v2\/pages\/166","targetHints":{"allow":["GET"]}}],"collection":[{"href":"http:\/\/tc-staffelstein.de\/index.php?rest_route=\/wp\/v2\/pages"}],"about":[{"href":"http:\/\/tc-staffelstein.de\/index.php?rest_route=\/wp\/v2\/types\/page"}],"author":[{"embeddable":true,"href":"http:\/\/tc-staffelstein.de\/index.php?rest_route=\/wp\/v2\/users\/1"}],"replies":[{"embeddable":true,"href":"http:\/\/tc-staffelstein.de\/index.php?rest_route=%2Fwp%2Fv2%2Fcomments&post=166"}],"version-history":[{"count":5,"href":"http:\/\/tc-staffelstein.de\/index.php?rest_route=\/wp\/v2\/pages\/166\/revisions"}],"predecessor-version":[{"id":744,"href":"http:\/\/tc-staffelstein.de\/index.php?rest_route=\/wp\/v2\/pages\/166\/revisions\/744"}],"wp:attachment":[{"href":"http:\/\/tc-staffelstein.de\/index.php?rest_route=%2Fwp%2Fv2%2Fmedia&parent=166"}],"curies":[{"name":"wp","href":"https:\/\/api.w.org\/{rel}","templated":true}]}}