{"id":20,"date":"2016-11-05T15:17:30","date_gmt":"2016-11-05T15:17:30","guid":{"rendered":"http:\/\/tc-staffelstein.de\/?page_id=20"},"modified":"2024-02-06T11:40:35","modified_gmt":"2024-02-06T11:40:35","slug":"vereinsfuehrung","status":"publish","type":"page","link":"http:\/\/tc-staffelstein.de\/?page_id=20","title":{"rendered":"Vereinsf\u00fchrung"},"content":{"rendered":"<p>Die Jahreshauptversammlung des TC Staffelstein w\u00e4hlte am 02.02.2024 ihre neue Vereinsf\u00fchrung:<\/p>\n<figure id=\"attachment_708\" aria-describedby=\"caption-attachment-708\" style=\"width: 625px\" class=\"wp-caption alignnone\"><img loading=\"lazy\" decoding=\"async\" class=\"wp-image-708 size-large\" src=\"http:\/\/tc-staffelstein.de\/wp-content\/uploads\/2024\/02\/Neugewaehlter-Vorstand-und-Ausschuss-TC-Staffelstein-2024-1024x681.jpg\" alt=\"\" width=\"625\" height=\"416\" srcset=\"http:\/\/tc-staffelstein.de\/wp-content\/uploads\/2024\/02\/Neugewaehlter-Vorstand-und-Ausschuss-TC-Staffelstein-2024-1024x681.jpg 1024w, http:\/\/tc-staffelstein.de\/wp-content\/uploads\/2024\/02\/Neugewaehlter-Vorstand-und-Ausschuss-TC-Staffelstein-2024-300x200.jpg 300w, http:\/\/tc-staffelstein.de\/wp-content\/uploads\/2024\/02\/Neugewaehlter-Vorstand-und-Ausschuss-TC-Staffelstein-2024-768x511.jpg 768w, http:\/\/tc-staffelstein.de\/wp-content\/uploads\/2024\/02\/Neugewaehlter-Vorstand-und-Ausschuss-TC-Staffelstein-2024-1536x1022.jpg 1536w, http:\/\/tc-staffelstein.de\/wp-content\/uploads\/2024\/02\/Neugewaehlter-Vorstand-und-Ausschuss-TC-Staffelstein-2024-2048x1362.jpg 2048w, http:\/\/tc-staffelstein.de\/wp-content\/uploads\/2024\/02\/Neugewaehlter-Vorstand-und-Ausschuss-TC-Staffelstein-2024-960x639.jpg 960w\" sizes=\"auto, (max-width: 625px) 100vw, 625px\" \/><figcaption id=\"caption-attachment-708\" class=\"wp-caption-text\">Sitzend von links: Johannes V\u00f6lker, Thomas Potzel, Manuel Fritsche; stehend von links: Bianca M\u00fcller, Daniel Bott, Hannah Nossek, Franz Wagner, Steffi Dorsch, Fabian Leicht, Stefan Brandl (es fehlt Thilo Popp)<\/figcaption><\/figure>\n<h1>Vorstandschaft und Ausschuss<\/h1>\n<p>Thomas Potzel (1. Vositzender)<\/p>\n<p>Johannes V\u00f6lker (2. Vorsitzender und Schatzmeister)<\/p>\n<p>Manuel Fritsche (3. Vorsitzender und Sportwart)<\/p>\n<p>Fabian Leicht (Jugendwart)<\/p>\n<p>Stefan Brandl (Liegenschaftswart)<\/p>\n<p>Stefanie Dorsch (Vergn\u00fcgungsw\u00e4rtin)<\/p>\n<p>Bianca M\u00fcller (Schriftf\u00fchrerin)<\/p>\n<p>Hannah Nossek (Beisitzerin)<\/p>\n<p>Franz Wagner (Beisitzerin)<\/p>\n<p>Daniel Bott (Beisitzer)<\/p>\n<p>Thilo Popp (Beisitzer)<\/p>\n<p>&nbsp;<\/p>\n","protected":false},"excerpt":{"rendered":"<p>Die Jahreshauptversammlung des TC Staffelstein w\u00e4hlte am 02.02.2024 ihre neue Vereinsf\u00fchrung: Vorstandschaft und Ausschuss Thomas Potzel (1. Vositzender) Johannes V\u00f6lker (2. Vorsitzender und Schatzmeister) Manuel Fritsche (3. Vorsitzender und Sportwart) Fabian Leicht (Jugendwart) Stefan Brandl (Liegenschaftswart) Stefanie Dorsch (Vergn\u00fcgungsw\u00e4rtin) Bianca M\u00fcller (Schriftf\u00fchrerin) Hannah Nossek (Beisitzerin) Franz Wagner (Beisitzerin) Daniel Bott (Beisitzer) Thilo Popp (Beisitzer) &nbsp;<\/p>\n","protected":false},"author":1,"featured_media":0,"parent":0,"menu_order":0,"comment_status":"closed","ping_status":"closed","template":"","meta":{"footnotes":""},"class_list":["post-20","page","type-page","status-publish","h-entry","hentry","h-as-page"],"_links":{"self":[{"href":"http:\/\/tc-staffelstein.de\/index.php?rest_route=\/wp\/v2\/pages\/20","targetHints":{"allow":["GET"]}}],"collection":[{"href":"http:\/\/tc-staffelstein.de\/index.php?rest_route=\/wp\/v2\/pages"}],"about":[{"href":"http:\/\/tc-staffelstein.de\/index.php?rest_route=\/wp\/v2\/types\/page"}],"author":[{"embeddable":true,"href":"http:\/\/tc-staffelstein.de\/index.php?rest_route=\/wp\/v2\/users\/1"}],"replies":[{"embeddable":true,"href":"http:\/\/tc-staffelstein.de\/index.php?rest_route=%2Fwp%2Fv2%2Fcomments&post=20"}],"version-history":[{"count":24,"href":"http:\/\/tc-staffelstein.de\/index.php?rest_route=\/wp\/v2\/pages\/20\/revisions"}],"predecessor-version":[{"id":710,"href":"http:\/\/tc-staffelstein.de\/index.php?rest_route=\/wp\/v2\/pages\/20\/revisions\/710"}],"wp:attachment":[{"href":"http:\/\/tc-staffelstein.de\/index.php?rest_route=%2Fwp%2Fv2%2Fmedia&parent=20"}],"curies":[{"name":"wp","href":"https:\/\/api.w.org\/{rel}","templated":true}]}}