{"id":36,"date":"2016-11-05T15:19:28","date_gmt":"2016-11-05T15:19:28","guid":{"rendered":"http:\/\/tc-staffelstein.de\/?page_id=36"},"modified":"2025-03-30T13:43:26","modified_gmt":"2025-03-30T13:43:26","slug":"training","status":"publish","type":"page","link":"http:\/\/tc-staffelstein.de\/?page_id=36","title":{"rendered":"Trainingsbetrieb"},"content":{"rendered":"<p>Seit Ende April 2024 sind die Pl\u00e4tze f\u00fcr die Saison ge\u00f6ffnet.<\/p>\n<p>Die <a href=\"http:\/\/tc-staffelstein.de\/wp-content\/uploads\/2024\/06\/Trainingszeiten2024.pdf\" target=\"_blank\" rel=\"noopener\">Trainingszeiten<\/a> sind wie folgt:<\/p>\n<p><a href=\"http:\/\/tc-staffelstein.de\/wp-content\/uploads\/2024\/06\/Trainingszeiten2024.png\"><img loading=\"lazy\" decoding=\"async\" class=\"alignnone size-large wp-image-787\" src=\"http:\/\/tc-staffelstein.de\/wp-content\/uploads\/2024\/06\/Trainingszeiten2024-630x1024.png\" alt=\"\" width=\"625\" height=\"1016\" srcset=\"http:\/\/tc-staffelstein.de\/wp-content\/uploads\/2024\/06\/Trainingszeiten2024-630x1024.png 630w, http:\/\/tc-staffelstein.de\/wp-content\/uploads\/2024\/06\/Trainingszeiten2024-185x300.png 185w, http:\/\/tc-staffelstein.de\/wp-content\/uploads\/2024\/06\/Trainingszeiten2024.png 730w\" sizes=\"auto, (max-width: 625px) 100vw, 625px\" \/><\/a><\/p>\n<p>&nbsp;<\/p>\n<p>Interessierte Tennisspieler sind zu unseren Trainingszeiten jederzeit herzlich willkommen!<\/p>\n<p>2021 hat der TC Staffelstein in eine professionelle akkubetriebe Ballmaschine investiert, die ab sofort den Mitgliedern zur Verf\u00fcgung steht. F\u00fcr eine kurze Einweisung stehen Thomas Potzel und Stefan Brandl zur Verf\u00fcgung.<\/p>\n<figure id=\"attachment_673\" aria-describedby=\"caption-attachment-673\" style=\"width: 1000px\" class=\"wp-caption alignnone\"><img loading=\"lazy\" decoding=\"async\" class=\"wp-image-673 size-full\" src=\"http:\/\/tc-staffelstein.de\/wp-content\/uploads\/2022\/04\/SpinFire2.jpg\" alt=\"\" width=\"1000\" height=\"1000\" srcset=\"http:\/\/tc-staffelstein.de\/wp-content\/uploads\/2022\/04\/SpinFire2.jpg 1000w, http:\/\/tc-staffelstein.de\/wp-content\/uploads\/2022\/04\/SpinFire2-300x300.jpg 300w, http:\/\/tc-staffelstein.de\/wp-content\/uploads\/2022\/04\/SpinFire2-150x150.jpg 150w, http:\/\/tc-staffelstein.de\/wp-content\/uploads\/2022\/04\/SpinFire2-768x768.jpg 768w, http:\/\/tc-staffelstein.de\/wp-content\/uploads\/2022\/04\/SpinFire2-960x960.jpg 960w\" sizes=\"auto, (max-width: 1000px) 100vw, 1000px\" \/><figcaption id=\"caption-attachment-673\" class=\"wp-caption-text\">Ballmaschine<\/figcaption><\/figure>\n<p>&nbsp;<\/p>\n","protected":false},"excerpt":{"rendered":"<p>Seit Ende April 2024 sind die Pl\u00e4tze f\u00fcr die Saison ge\u00f6ffnet. Die Trainingszeiten sind wie folgt: &nbsp; Interessierte Tennisspieler sind zu unseren Trainingszeiten jederzeit herzlich willkommen! 2021 hat der TC Staffelstein in eine professionelle akkubetriebe Ballmaschine investiert, die ab sofort den Mitgliedern zur Verf\u00fcgung steht. F\u00fcr eine kurze Einweisung stehen Thomas Potzel und Stefan Brandl <a href=\"http:\/\/tc-staffelstein.de\/?page_id=36\" class=\"more-link\">...weiterlesen<span class=\"screen-reader-text\"> \"Trainingsbetrieb\"<\/span><\/a><\/p>\n","protected":false},"author":1,"featured_media":0,"parent":0,"menu_order":0,"comment_status":"closed","ping_status":"closed","template":"","meta":{"footnotes":""},"class_list":["post-36","page","type-page","status-publish","h-entry","hentry","h-as-page"],"_links":{"self":[{"href":"http:\/\/tc-staffelstein.de\/index.php?rest_route=\/wp\/v2\/pages\/36","targetHints":{"allow":["GET"]}}],"collection":[{"href":"http:\/\/tc-staffelstein.de\/index.php?rest_route=\/wp\/v2\/pages"}],"about":[{"href":"http:\/\/tc-staffelstein.de\/index.php?rest_route=\/wp\/v2\/types\/page"}],"author":[{"embeddable":true,"href":"http:\/\/tc-staffelstein.de\/index.php?rest_route=\/wp\/v2\/users\/1"}],"replies":[{"embeddable":true,"href":"http:\/\/tc-staffelstein.de\/index.php?rest_route=%2Fwp%2Fv2%2Fcomments&post=36"}],"version-history":[{"count":13,"href":"http:\/\/tc-staffelstein.de\/index.php?rest_route=\/wp\/v2\/pages\/36\/revisions"}],"predecessor-version":[{"id":835,"href":"http:\/\/tc-staffelstein.de\/index.php?rest_route=\/wp\/v2\/pages\/36\/revisions\/835"}],"wp:attachment":[{"href":"http:\/\/tc-staffelstein.de\/index.php?rest_route=%2Fwp%2Fv2%2Fmedia&parent=36"}],"curies":[{"name":"wp","href":"https:\/\/api.w.org\/{rel}","templated":true}]}}