{"id":45,"date":"2016-11-05T15:22:08","date_gmt":"2016-11-05T15:22:08","guid":{"rendered":"http:\/\/tc-staffelstein.de\/?page_id=45"},"modified":"2024-05-27T10:55:11","modified_gmt":"2024-05-27T10:55:11","slug":"herren-30","status":"publish","type":"page","link":"http:\/\/tc-staffelstein.de\/?page_id=45","title":{"rendered":"Herren 30 I \/ II"},"content":{"rendered":"<p>Trainingszeiten: Donnerstag 18:00-20:00 Uhr<br \/>\nMannschaftsf\u00fchrer H30I: Kevin Rome<br \/>\nMannschaftsf\u00fchrer H30II: Max Hartmann<\/p>\n<figure id=\"attachment_779\" aria-describedby=\"caption-attachment-779\" style=\"width: 625px\" class=\"wp-caption alignnone\"><a href=\"http:\/\/tc-staffelstein.de\/wp-content\/uploads\/2024\/05\/Herren30_2024_g-scaled.jpg\"><img loading=\"lazy\" decoding=\"async\" class=\"wp-image-779 size-large\" src=\"http:\/\/tc-staffelstein.de\/wp-content\/uploads\/2024\/05\/Herren30_2024_g-1024x683.jpg\" alt=\"\" width=\"625\" height=\"417\" srcset=\"http:\/\/tc-staffelstein.de\/wp-content\/uploads\/2024\/05\/Herren30_2024_g-1024x683.jpg 1024w, http:\/\/tc-staffelstein.de\/wp-content\/uploads\/2024\/05\/Herren30_2024_g-300x200.jpg 300w, http:\/\/tc-staffelstein.de\/wp-content\/uploads\/2024\/05\/Herren30_2024_g-768x512.jpg 768w, http:\/\/tc-staffelstein.de\/wp-content\/uploads\/2024\/05\/Herren30_2024_g-1536x1024.jpg 1536w, http:\/\/tc-staffelstein.de\/wp-content\/uploads\/2024\/05\/Herren30_2024_g-2048x1366.jpg 2048w, http:\/\/tc-staffelstein.de\/wp-content\/uploads\/2024\/05\/Herren30_2024_g-960x640.jpg 960w\" sizes=\"auto, (max-width: 625px) 100vw, 625px\" \/><\/a><figcaption id=\"caption-attachment-779\" class=\"wp-caption-text\">Herren 30 I\/II der Saison 2024<\/figcaption><\/figure>\n<p>&nbsp;<\/p>\n<div id='gallery-1' class='gallery galleryid-45 gallery-columns-1 gallery-size-large'><figure class='gallery-item'>\n\t\t\t<div class='gallery-icon landscape'>\n\t\t\t\t<a href='http:\/\/tc-staffelstein.de\/?attachment_id=92'><img loading=\"lazy\" decoding=\"async\" width=\"625\" height=\"417\" src=\"http:\/\/tc-staffelstein.de\/wp-content\/uploads\/2016\/11\/H30_Mannschaftsbild2016-1024x683.jpg\" class=\"attachment-large size-large\" alt=\"\" aria-describedby=\"gallery-1-92\" srcset=\"http:\/\/tc-staffelstein.de\/wp-content\/uploads\/2016\/11\/H30_Mannschaftsbild2016-1024x683.jpg 1024w, http:\/\/tc-staffelstein.de\/wp-content\/uploads\/2016\/11\/H30_Mannschaftsbild2016-300x200.jpg 300w, http:\/\/tc-staffelstein.de\/wp-content\/uploads\/2016\/11\/H30_Mannschaftsbild2016-768x512.jpg 768w, http:\/\/tc-staffelstein.de\/wp-content\/uploads\/2016\/11\/H30_Mannschaftsbild2016-960x640.jpg 960w\" sizes=\"auto, (max-width: 625px) 100vw, 625px\" \/><\/a>\n\t\t\t<\/div>\n\t\t\t\t<figcaption class='wp-caption-text gallery-caption' id='gallery-1-92'>\n\t\t\t\tVolker Ernst, Stefan Brandl, Ralf Hetzel, Oliver Klecker, Christian Vogel, Thomas Potzel und Uwe Angrabeit\n\t\t\t\t<\/figcaption><\/figure>\n\t\t<\/div>\n\n<p><img loading=\"lazy\" decoding=\"async\" class=\"wp-image-567 size-large\" style=\"font-weight: bold; font-size: 1rem;\" src=\"http:\/\/tc-staffelstein.de\/wp-content\/uploads\/2020\/02\/2019_Aufstieg_Herren00-1024x768.jpg\" alt=\"\" width=\"625\" height=\"469\" srcset=\"http:\/\/tc-staffelstein.de\/wp-content\/uploads\/2020\/02\/2019_Aufstieg_Herren00-1024x768.jpg 1024w, http:\/\/tc-staffelstein.de\/wp-content\/uploads\/2020\/02\/2019_Aufstieg_Herren00-300x225.jpg 300w, http:\/\/tc-staffelstein.de\/wp-content\/uploads\/2020\/02\/2019_Aufstieg_Herren00-768x576.jpg 768w, http:\/\/tc-staffelstein.de\/wp-content\/uploads\/2020\/02\/2019_Aufstieg_Herren00-1536x1152.jpg 1536w, http:\/\/tc-staffelstein.de\/wp-content\/uploads\/2020\/02\/2019_Aufstieg_Herren00-2048x1536.jpg 2048w, http:\/\/tc-staffelstein.de\/wp-content\/uploads\/2020\/02\/2019_Aufstieg_Herren00-960x720.jpg 960w\" sizes=\"auto, (max-width: 625px) 100vw, 625px\" \/><\/p>\n<p>Niclas Nossek, Manuel Fritsche, Jonas Kn\u00f6ffel, Ralf Hetzel, Thomas Potzel, Kevin Rome und Stefan Brandl<\/p>\n<p>&nbsp;<\/p>\n<div id='gallery-2' class='gallery galleryid-45 gallery-columns-1 gallery-size-large'><figure class='gallery-item'>\n\t\t\t<div class='gallery-icon landscape'>\n\t\t\t\t<a href='http:\/\/tc-staffelstein.de\/?attachment_id=337'><img loading=\"lazy\" decoding=\"async\" width=\"625\" height=\"417\" src=\"http:\/\/tc-staffelstein.de\/wp-content\/uploads\/2018\/02\/HERREN-1024x683.jpg\" class=\"attachment-large size-large\" alt=\"\" aria-describedby=\"gallery-2-337\" srcset=\"http:\/\/tc-staffelstein.de\/wp-content\/uploads\/2018\/02\/HERREN-1024x683.jpg 1024w, http:\/\/tc-staffelstein.de\/wp-content\/uploads\/2018\/02\/HERREN-300x200.jpg 300w, http:\/\/tc-staffelstein.de\/wp-content\/uploads\/2018\/02\/HERREN-768x512.jpg 768w, http:\/\/tc-staffelstein.de\/wp-content\/uploads\/2018\/02\/HERREN-960x640.jpg 960w\" sizes=\"auto, (max-width: 625px) 100vw, 625px\" \/><\/a>\n\t\t\t<\/div>\n\t\t\t\t<figcaption class='wp-caption-text gallery-caption' id='gallery-2-337'>\n\t\t\t\tChristian Vogel, Manuel Fritsche, Kevin Rome, Ralf Hetzel, Thomas Potzel, Volker Ernst, Niclas Nossek, Jonas Kn\u00f6ffel\n\t\t\t\t<\/figcaption><\/figure>\n\t\t<\/div>\n\n<div id='gallery-3' class='gallery galleryid-45 gallery-columns-1 gallery-size-large'><figure class='gallery-item'>\n\t\t\t<div class='gallery-icon landscape'>\n\t\t\t\t<a href='http:\/\/tc-staffelstein.de\/?attachment_id=195'><img loading=\"lazy\" decoding=\"async\" width=\"625\" height=\"469\" src=\"http:\/\/tc-staffelstein.de\/wp-content\/uploads\/2016\/11\/Herren_2016-1024x768.jpg\" class=\"attachment-large size-large\" alt=\"\" aria-describedby=\"gallery-3-195\" srcset=\"http:\/\/tc-staffelstein.de\/wp-content\/uploads\/2016\/11\/Herren_2016-1024x768.jpg 1024w, http:\/\/tc-staffelstein.de\/wp-content\/uploads\/2016\/11\/Herren_2016-300x225.jpg 300w, http:\/\/tc-staffelstein.de\/wp-content\/uploads\/2016\/11\/Herren_2016-768x576.jpg 768w, http:\/\/tc-staffelstein.de\/wp-content\/uploads\/2016\/11\/Herren_2016-960x720.jpg 960w\" sizes=\"auto, (max-width: 625px) 100vw, 625px\" \/><\/a>\n\t\t\t<\/div>\n\t\t\t\t<figcaption class='wp-caption-text gallery-caption' id='gallery-3-195'>\n\t\t\t\tThomas Potzel, Johannes V\u00f6lker, Niclas Nossek, Manuel Fritsche, Jonas Kn\u00f6ffel und Christian Vogel\n\t\t\t\t<\/figcaption><\/figure>\n\t\t<\/div>\n\n<p>&nbsp;<\/p>\n","protected":false},"excerpt":{"rendered":"<p>Trainingszeiten: Donnerstag 18:00-20:00 Uhr Mannschaftsf\u00fchrer H30I: Kevin Rome Mannschaftsf\u00fchrer H30II: Max Hartmann &nbsp; Niclas Nossek, Manuel Fritsche, Jonas Kn\u00f6ffel, Ralf Hetzel, Thomas Potzel, Kevin Rome und Stefan Brandl &nbsp; &nbsp;<\/p>\n","protected":false},"author":1,"featured_media":0,"parent":0,"menu_order":0,"comment_status":"closed","ping_status":"closed","template":"","meta":{"footnotes":""},"class_list":["post-45","page","type-page","status-publish","h-entry","hentry","h-as-page"],"_links":{"self":[{"href":"http:\/\/tc-staffelstein.de\/index.php?rest_route=\/wp\/v2\/pages\/45","targetHints":{"allow":["GET"]}}],"collection":[{"href":"http:\/\/tc-staffelstein.de\/index.php?rest_route=\/wp\/v2\/pages"}],"about":[{"href":"http:\/\/tc-staffelstein.de\/index.php?rest_route=\/wp\/v2\/types\/page"}],"author":[{"embeddable":true,"href":"http:\/\/tc-staffelstein.de\/index.php?rest_route=\/wp\/v2\/users\/1"}],"replies":[{"embeddable":true,"href":"http:\/\/tc-staffelstein.de\/index.php?rest_route=%2Fwp%2Fv2%2Fcomments&post=45"}],"version-history":[{"count":15,"href":"http:\/\/tc-staffelstein.de\/index.php?rest_route=\/wp\/v2\/pages\/45\/revisions"}],"predecessor-version":[{"id":781,"href":"http:\/\/tc-staffelstein.de\/index.php?rest_route=\/wp\/v2\/pages\/45\/revisions\/781"}],"wp:attachment":[{"href":"http:\/\/tc-staffelstein.de\/index.php?rest_route=%2Fwp%2Fv2%2Fmedia&parent=45"}],"curies":[{"name":"wp","href":"https:\/\/api.w.org\/{rel}","templated":true}]}}