{"id":24,"date":"2016-11-05T15:17:19","date_gmt":"2016-11-05T15:17:19","guid":{"rendered":"http:\/\/tc-staffelstein.de\/?page_id=24"},"modified":"2025-05-12T14:29:02","modified_gmt":"2025-05-12T14:29:02","slug":"tennisinteressierte","status":"publish","type":"page","link":"https:\/\/tc-staffelstein.de\/?page_id=24","title":{"rendered":"Tennisinteressierte"},"content":{"rendered":"<h3><\/h3>\n<h3><em><strong><span style=\"color: #ff6600;\">Neu: Offener Spielerinnentreff<\/span><\/strong><\/em><\/h3>\n<p><a href=\"http:\/\/tc-staffelstein.de\/wp-content\/uploads\/2024\/06\/Plakat-Damen-Spieltreff_final.jpg\"><img loading=\"lazy\" decoding=\"async\" class=\"alignnone size-large wp-image-791\" src=\"http:\/\/tc-staffelstein.de\/wp-content\/uploads\/2024\/06\/Plakat-Damen-Spieltreff_final-642x1024.jpg\" alt=\"\" width=\"625\" height=\"997\" srcset=\"https:\/\/tc-staffelstein.de\/wp-content\/uploads\/2024\/06\/Plakat-Damen-Spieltreff_final-642x1024.jpg 642w, https:\/\/tc-staffelstein.de\/wp-content\/uploads\/2024\/06\/Plakat-Damen-Spieltreff_final-188x300.jpg 188w, https:\/\/tc-staffelstein.de\/wp-content\/uploads\/2024\/06\/Plakat-Damen-Spieltreff_final-768x1226.jpg 768w, https:\/\/tc-staffelstein.de\/wp-content\/uploads\/2024\/06\/Plakat-Damen-Spieltreff_final-963x1536.jpg 963w, https:\/\/tc-staffelstein.de\/wp-content\/uploads\/2024\/06\/Plakat-Damen-Spieltreff_final-1283x2048.jpg 1283w, https:\/\/tc-staffelstein.de\/wp-content\/uploads\/2024\/06\/Plakat-Damen-Spieltreff_final-960x1532.jpg 960w, https:\/\/tc-staffelstein.de\/wp-content\/uploads\/2024\/06\/Plakat-Damen-Spieltreff_final.jpg 1410w\" sizes=\"auto, (max-width: 625px) 100vw, 625px\" \/><\/a><\/p>\n<p>&nbsp;<\/p>\n<h3><em><strong><span style=\"color: #ff6600;\">Schnupperkurse zu Saisonbeginn<\/span><\/strong><\/em><\/h3>\n<p><a href=\"http:\/\/tc-staffelstein.de\/wp-content\/uploads\/2024\/04\/Schnupperkurs.png\"><img loading=\"lazy\" decoding=\"async\" class=\"alignnone size-large wp-image-746\" src=\"http:\/\/tc-staffelstein.de\/wp-content\/uploads\/2024\/04\/Schnupperkurs-724x1024.png\" alt=\"Schnupperkurs Mai 2024\" width=\"625\" height=\"884\" srcset=\"https:\/\/tc-staffelstein.de\/wp-content\/uploads\/2024\/04\/Schnupperkurs-724x1024.png 724w, https:\/\/tc-staffelstein.de\/wp-content\/uploads\/2024\/04\/Schnupperkurs-212x300.png 212w, https:\/\/tc-staffelstein.de\/wp-content\/uploads\/2024\/04\/Schnupperkurs-768x1086.png 768w, https:\/\/tc-staffelstein.de\/wp-content\/uploads\/2024\/04\/Schnupperkurs-1086x1536.png 1086w, https:\/\/tc-staffelstein.de\/wp-content\/uploads\/2024\/04\/Schnupperkurs-1448x2048.png 1448w, https:\/\/tc-staffelstein.de\/wp-content\/uploads\/2024\/04\/Schnupperkurs-960x1358.png 960w, https:\/\/tc-staffelstein.de\/wp-content\/uploads\/2024\/04\/Schnupperkurs.png 1587w\" sizes=\"auto, (max-width: 625px) 100vw, 625px\" \/><\/a><\/p>\n<h3><em><strong><span style=\"color: #ff0000;\">- Hinweise f\u00fcr Gastspieler -<\/span><\/strong><\/em><\/h3>\n<p>Gastspieler sind auf unserer Anlage herzlich willkommen!<\/p>\n<p>Wir bitten um Beachtung nachfolgender Hinweise:<\/p>\n<ul>\n<li>Bitte tragen Sie sich <span style=\"color: #ff0000;\"><u>vor Beginn<\/u><\/span> des Tennisspiels leserlich mit Namen in die ausgeh\u00e4ngte Platzreservierungsliste im Schaukasten neben der T\u00fcr ein<\/li>\n<li>Bitte verwenden Sie ausschlie\u00dflich <span style=\"color: #ff0000;\"><u>Tennisschuhe<\/u><\/span> (Schuhe ohne Profil), bew\u00e4ssern Sie den Platz ausreichend und denken Sie an die Platzpflege<\/li>\n<li>Bitte zahlen Sie <span style=\"color: #ff0000;\">20<u>\u20ac pro Stunde und Platz<\/u><\/span> in einen mit Ihrem Namen beschrifteten Briefumschlag (h\u00e4ngen im Schaukasten) und werfen Sie diesen in den Briefkasten neben der Eingangst\u00fcr<\/li>\n<\/ul>\n<p>Vielen herzlichen Dank!<\/p>\n<h3><em><strong><span style=\"color: #ff6600;\">Probiere Tennis aus!<\/span><\/strong><\/em><\/h3>\n<p>Der Tennissport begeistert uns alle, deshalb freuen wir uns \u00fcber jeden, der sich f\u00fcr den \"Wei\u00dfen Sport\" interessiert. Gerne kannst Du auch jederzeit zum Probetraining vorbeikommen und unser Vereinsleben kennenlernen! Bei Interesse bitten wir um kurze Anmeldung\u00a0 beim Sportwart Manuel Fritsche unter Tel. 0151-23009832 oder manuel.fritsche@web.de oder beim Jugendwart Fabian Leicht unter Tel. 0151-52115484.<\/p>\n<h3><em><strong><span style=\"color: #ff6600;\">Werde Mitglied!<\/span><\/strong><\/em><\/h3>\n<p>Tritt heute noch unserem Verein bei! Wir freuen uns nat\u00fcrlich auch immer \u00fcber Unterst\u00fctzung durch eine passive Mitgliedschaft.<\/p>\n<p><a href=\"http:\/\/tc-staffelstein.de\/wp-content\/uploads\/2024\/04\/Beitrittserklaerung-inkl.-SEPA-Mandat-04.2024.pdf\" target=\"_blank\" rel=\"noopener noreferrer\">Mitgliedsantrag<\/a><\/p>\n<p><a href=\"http:\/\/tc-staffelstein.de\/wp-content\/uploads\/2018\/09\/Datenschutzrichtlinie-des-Tennisclub-Staffelstein.pdf\" target=\"_blank\" rel=\"noopener noreferrer\">Datenschutzrichtlinie<\/a><\/p>\n<p><a href=\"http:\/\/tc-staffelstein.de\/wp-content\/uploads\/2024\/04\/Datenschutzerklaerung.pdf\" target=\"_blank\" rel=\"noopener noreferrer\">Datenschutzerkl\u00e4rung<\/a><\/p>\n<p><a href=\"http:\/\/tc-staffelstein.de\/wp-content\/uploads\/2018\/09\/Datenschutzerkl\u00e4rung-durch-die-Sorgeberechtigten.pdf\" target=\"_blank\" rel=\"noopener noreferrer\">Datenschutzerkl\u00e4rung_Minderj\u00e4hrige<\/a><\/p>\n","protected":false},"excerpt":{"rendered":"<p>Neu: Offener Spielerinnentreff &nbsp; Schnupperkurse zu Saisonbeginn - Hinweise f\u00fcr Gastspieler - Gastspieler sind auf unserer Anlage herzlich willkommen! Wir bitten um Beachtung nachfolgender Hinweise: Bitte tragen Sie sich vor Beginn des Tennisspiels leserlich mit Namen in die ausgeh\u00e4ngte Platzreservierungsliste im Schaukasten neben der T\u00fcr ein Bitte verwenden Sie ausschlie\u00dflich Tennisschuhe (Schuhe ohne Profil), bew\u00e4ssern <a href=\"https:\/\/tc-staffelstein.de\/?page_id=24\" class=\"more-link\">...weiterlesen<span class=\"screen-reader-text\"> \"Tennisinteressierte\"<\/span><\/a><\/p>\n","protected":false},"author":1,"featured_media":0,"parent":0,"menu_order":0,"comment_status":"closed","ping_status":"closed","template":"","meta":{"footnotes":""},"class_list":["post-24","page","type-page","status-publish","h-entry","hentry","h-as-page"],"_links":{"self":[{"href":"https:\/\/tc-staffelstein.de\/index.php?rest_route=\/wp\/v2\/pages\/24","targetHints":{"allow":["GET"]}}],"collection":[{"href":"https:\/\/tc-staffelstein.de\/index.php?rest_route=\/wp\/v2\/pages"}],"about":[{"href":"https:\/\/tc-staffelstein.de\/index.php?rest_route=\/wp\/v2\/types\/page"}],"author":[{"embeddable":true,"href":"https:\/\/tc-staffelstein.de\/index.php?rest_route=\/wp\/v2\/users\/1"}],"replies":[{"embeddable":true,"href":"https:\/\/tc-staffelstein.de\/index.php?rest_route=%2Fwp%2Fv2%2Fcomments&post=24"}],"version-history":[{"count":31,"href":"https:\/\/tc-staffelstein.de\/index.php?rest_route=\/wp\/v2\/pages\/24\/revisions"}],"predecessor-version":[{"id":854,"href":"https:\/\/tc-staffelstein.de\/index.php?rest_route=\/wp\/v2\/pages\/24\/revisions\/854"}],"wp:attachment":[{"href":"https:\/\/tc-staffelstein.de\/index.php?rest_route=%2Fwp%2Fv2%2Fmedia&parent=24"}],"curies":[{"name":"wp","href":"https:\/\/api.w.org\/{rel}","templated":true}]}}