{"id":82,"date":"2016-11-05T20:41:08","date_gmt":"2016-11-05T20:41:08","guid":{"rendered":"http:\/\/tc-staffelstein.de\/?page_id=82"},"modified":"2016-11-06T13:26:21","modified_gmt":"2016-11-06T13:26:21","slug":"vereinschronik","status":"publish","type":"page","link":"https:\/\/tc-staffelstein.de\/?page_id=82","title":{"rendered":"Vereinschronik"},"content":{"rendered":"<p>Am 07. April 1978 wurde der Tennisclub Staffelstein im \u201eJ\u00e4gerst\u00fcberl\u201c des Gasthofes \u201eGr\u00fcner Baum\u201c von 32 Personen gegr\u00fcndet. Zum Ersten Vorsitzender des Vereins wurde Gerd Mutterer und zum Zweiten Vorsitzenden Georg M\u00fcller gew\u00e4hlt. Zu diesem Zeitpunkt und f\u00fcr die n\u00e4chsten Jahre stand nur ein Tennishartplatz an der Realschule f\u00fcr den Trainings- und Spielbetrieb zur Verf\u00fcgung. F\u00fcr die damaligen Verantwortlichen galt es, vorrangig ein geeignetes Sportgel\u00e4nde zu finden. Die Suche zog sich l\u00e4nger als erwartet hinaus.<\/p>\n<p>Zwischenzeitlich wurde in der Jahreshauptversammlung am 26. M\u00e4rz 1980 Wolfgang Schr\u00f6der zum 1. Vorsitzenden gew\u00e4hlt, da der bisherige Amtsinhaber aus beruflichen Gr\u00fcnden \u2013 verbunden mit einem Wohnortwechsel \u2013 nicht mehr zur Verf\u00fcgung stand. Mittlerweile z\u00e4hlte der Verein 90 Mitglieder.<\/p>\n<p>Dank gro\u00dfen Einsatzes des damaligen Ersten B\u00fcrgermeister und heutigen Landrat Reinhard Leutner, der mit seiner Gattin Gr\u00fcndungsmitglied ist,\u00a0 bekam der Verein Ende 1981 von der Stadt ein geeignetes Grundst\u00fcck auf Erbbaurecht zur Verf\u00fcgung gestellt. Die Planungen f\u00fcr eine Tennisanlage mit vorerst drei Sandpl\u00e4tzen konnten beginnen.\u00a0 Baubeginn war im M\u00e4rz 1983. Am 02. Juli 1983 wurden die Pl\u00e4tze im Rahmen einer Feier offiziell den Mitgliedern \u00fcbergeben.<\/p>\n<p>Aus finanziellen Gr\u00fcnden musste der Bau eines Clubhauses noch etwas zur\u00fcckgestellt werden. Eine vom Tennisclub Lichtenfels g\u00fcnstig erworbene Holzh\u00fctte von ca. 20 qm Fl\u00e4che, welche in Eigenregie in Lichtenfels abgebaut und\u00a0 auf der Anlage in Bad Staffelstein wieder aufgebaut wurde, diente vorl\u00e4ufig als Unterschlupf. Am 16. September 1985 begann der zweite Bauabschnitt mit der Errichtung des Clubhauses und zwei weiteren Sandpl\u00e4tzen. Die Einweihung erfolgte im Juli 1987.\u00a0 Der Verein z\u00e4hlte nun bereits 187 Mitglieder. Ein Jahr sp\u00e4ter wurden die Au\u00dfenanlagen und die vordere Terrasse fertig gestellt.<\/p>\n<p>Anl\u00e4sslich der Jahreshauptversammlung 1988\u00a0 stellten sich aus beruflichen und privaten Gr\u00fcnden Wolfgang Schr\u00f6der f\u00fcr das Amt des 1. Vorsitzenden und Georg M\u00fcller f\u00fcr das Amt des 2. Vorsitzenden nicht mehr zur Verf\u00fcgung. Bernd Potzel, der bereits vier Jahre als Sportwart f\u00fcr den sportlichen Bereich verantwortlich war,\u00a0 wurde zum neuen Vereinschef gew\u00e4hlt. Wolfgang Schr\u00f6der wurde 2. Vorsitzender.<\/p>\n<p>Unter der Vereinsf\u00fchrung von Bernd Potzel wurde vor allem die Erweiterung und Versch\u00f6nerung der Anlage vorangetrieben. So erfolgte Mitte 1992 die \u00dcbernahme des Gel\u00e4ndes der ehemaligen Stra\u00dfenmeisterei. Auch hier zeigte sich die Stadt Bad Staffelstein sehr kooperativ. \u00dcber ein Jahr war man damit besch\u00e4ftigt, dieses Areal f\u00fcr die Belange des Tennisclubs herzurichten. Im November 1992 trat Andreas Schaak\u00a0 die Nachfolge von Wolfgang Schr\u00f6der als 2. Vorsitzender an.<\/p>\n<p>Das 15-j\u00e4hrige Bestehen wurde im Juli 1993 in der Kutschenhalle in Kloster Banz gefeiert.\u00a0 Zu diesem Zeitpunkt z\u00e4hlte der Club 197 Mitglieder.<\/p>\n<p>Umfangreiche Pflasterarbeiten f\u00fcr die Erstellung der zweiten Terrasse und eines Gehweges rund um das Clubheim erfolgten 1997. Anfang 2000 wurde der hervorragend gelungene Umbau des Clubheimes vorgenommen. Bereits nach vier Monaten konnte mit einem z\u00fcnftigen Schlachtfest Einweihung gefeiert werden.<\/p>\n<p>Bei den Neuwahlen im November 2002 gab Josef Hellmuth nach 24 Jahren das Amt des 3. Vorsitzenden und Schatzmeisters aus beruflichen Gr\u00fcnden ab. Sein\u00a0 Nachfolger wurde Claus Gebhardt.<\/p>\n<p>P\u00fcnktlich zum 25j\u00e4hrigen Jubil\u00e4um im Sommer 2003 erfolgte die \u00dcberdachung der Terrasse. Die Mitgliederzahl lag zu diesem Zeitpunkt bei 194.<\/p>\n<p>&nbsp;<\/p>\n","protected":false},"excerpt":{"rendered":"<p>Am 07. April 1978 wurde der Tennisclub Staffelstein im \u201eJ\u00e4gerst\u00fcberl\u201c des Gasthofes \u201eGr\u00fcner Baum\u201c von 32 Personen gegr\u00fcndet. Zum Ersten Vorsitzender des Vereins wurde Gerd Mutterer und zum Zweiten Vorsitzenden Georg M\u00fcller gew\u00e4hlt. Zu diesem Zeitpunkt und f\u00fcr die n\u00e4chsten Jahre stand nur ein Tennishartplatz an der Realschule f\u00fcr den Trainings- und Spielbetrieb zur Verf\u00fcgung. <a href=\"https:\/\/tc-staffelstein.de\/?page_id=82\" class=\"more-link\">...weiterlesen<span class=\"screen-reader-text\"> \"Vereinschronik\"<\/span><\/a><\/p>\n","protected":false},"author":1,"featured_media":0,"parent":0,"menu_order":0,"comment_status":"closed","ping_status":"closed","template":"","meta":{"footnotes":""},"class_list":["post-82","page","type-page","status-publish","h-entry","hentry","h-as-page"],"_links":{"self":[{"href":"https:\/\/tc-staffelstein.de\/index.php?rest_route=\/wp\/v2\/pages\/82","targetHints":{"allow":["GET"]}}],"collection":[{"href":"https:\/\/tc-staffelstein.de\/index.php?rest_route=\/wp\/v2\/pages"}],"about":[{"href":"https:\/\/tc-staffelstein.de\/index.php?rest_route=\/wp\/v2\/types\/page"}],"author":[{"embeddable":true,"href":"https:\/\/tc-staffelstein.de\/index.php?rest_route=\/wp\/v2\/users\/1"}],"replies":[{"embeddable":true,"href":"https:\/\/tc-staffelstein.de\/index.php?rest_route=%2Fwp%2Fv2%2Fcomments&post=82"}],"version-history":[{"count":2,"href":"https:\/\/tc-staffelstein.de\/index.php?rest_route=\/wp\/v2\/pages\/82\/revisions"}],"predecessor-version":[{"id":139,"href":"https:\/\/tc-staffelstein.de\/index.php?rest_route=\/wp\/v2\/pages\/82\/revisions\/139"}],"wp:attachment":[{"href":"https:\/\/tc-staffelstein.de\/index.php?rest_route=%2Fwp%2Fv2%2Fmedia&parent=82"}],"curies":[{"name":"wp","href":"https:\/\/api.w.org\/{rel}","templated":true}]}}